{"id":719,"date":"2024-11-18T09:35:47","date_gmt":"2024-11-18T08:35:47","guid":{"rendered":"https:\/\/rtlpatat.be\/?page_id=719"},"modified":"2024-11-25T08:24:24","modified_gmt":"2024-11-25T07:24:24","slug":"nieuws","status":"publish","type":"page","link":"https:\/\/rtlpatat.be\/es\/nieuws\/","title":{"rendered":"\u00daltimas novedades"},"content":{"rendered":"<div data-elementor-type=\"wp-page\" data-elementor-id=\"719\" class=\"elementor elementor-719\" data-elementor-post-type=\"page\">\n\t\t\t\t<div class=\"elementor-element elementor-element-68fb8e2 e-flex e-con-boxed e-con e-parent\" data-id=\"68fb8e2\" data-element_type=\"container\" data-e-type=\"container\">\n\t\t\t\t\t<div class=\"e-con-inner\">\n\t\t\t\t<div class=\"elementor-element elementor-element-8ee77a7 elementor-widget elementor-widget-heading\" data-id=\"8ee77a7\" data-element_type=\"widget\" data-e-type=\"widget\" data-widget_type=\"heading.default\">\n\t\t\t\t<div class=\"elementor-widget-container\">\n\t\t\t\t\t<h2 class=\"elementor-heading-title elementor-size-default\">\u00daltimas novedades<\/h2>\t\t\t\t<\/div>\n\t\t\t\t<\/div>\n\t\t<div class=\"elementor-element elementor-element-dd9c20f e-con-full e-flex e-con e-child\" data-id=\"dd9c20f\" data-element_type=\"container\" data-e-type=\"container\">\n\t\t\t\t<div class=\"elementor-element elementor-element-3f42991 dce-posts-layout-template dce-col-2 dce-col-tablet-2 dce-col-mobile-1 elementor-widget elementor-widget-dce-dynamicposts-v2\" data-id=\"3f42991\" data-element_type=\"widget\" data-e-type=\"widget\" data-settings=\"{&quot;style_items&quot;:&quot;template&quot;,&quot;grid_grid_type&quot;:&quot;blog&quot;}\" data-widget_type=\"dce-dynamicposts-v2.grid\">\n\t\t\t\t<div class=\"elementor-widget-container\">\n\t\t\t\t\t\n\t\t<div class=\"dce-fix-background-loop dce-posts-container dce-posts dce-dynamic-posts-collection  dce-skin-grid dce-skin-grid-blog\">\n\t\t\t\t\t\t<div class=\"dce-posts-wrapper dce-wrapper-grid\">\n\t\t\t\n\t\t<article class=\"post-1270 nieuwsberichten type-nieuwsberichten status-publish has-post-thumbnail hentry dce-post dce-post-item dce-item-grid\" data-dce-post-id=\"1270\" data-dce-post-index=\"0\">\n\t\t\t<div class=\"dce-post-block\">\n\t\t<style>.elementor-1276 .elementor-element.elementor-element-eacbcab{--display:flex;--gap:0px 0px;--row-gap:0px;--column-gap:0px;--margin-top:0px;--margin-bottom:0px;--margin-left:0px;--margin-right:0px;--padding-top:0px;--padding-bottom:0px;--padding-left:0px;--padding-right:0px;}.elementor-1276 .elementor-element.elementor-element-466838e{--display:flex;--gap:0px 0px;--row-gap:0px;--column-gap:0px;--margin-top:0px;--margin-bottom:0px;--margin-left:0px;--margin-right:0px;--padding-top:0px;--padding-bottom:0px;--padding-left:0px;--padding-right:0px;}.elementor-widget-image .widget-image-caption{color:var( --e-global-color-text );font-family:var( --e-global-typography-text-font-family ), Sans-serif;font-weight:var( --e-global-typography-text-font-weight );}.elementor-1276 .elementor-element.elementor-element-515573f img{width:100%;max-width:100%;height:350px;object-fit:cover;object-position:center center;}.elementor-1276 .elementor-element.elementor-element-25a2ca6{--display:flex;--gap:0px 0px;--row-gap:0px;--column-gap:0px;--margin-top:0px;--margin-bottom:0px;--margin-left:0px;--margin-right:0px;--padding-top:15px;--padding-bottom:15px;--padding-left:15px;--padding-right:15px;}.elementor-1276 .elementor-element.elementor-element-25a2ca6:not(.elementor-motion-effects-element-type-background), .elementor-1276 .elementor-element.elementor-element-25a2ca6 > .elementor-motion-effects-container > .elementor-motion-effects-layer{background-color:var( --e-global-color-ac965bb );}.elementor-widget-heading .elementor-heading-title{font-family:var( --e-global-typography-primary-font-family ), Sans-serif;font-weight:var( --e-global-typography-primary-font-weight );color:var( --e-global-color-primary );}@media(max-width:1024px){.elementor-1276 .elementor-element.elementor-element-515573f img{height:250px;}}\/* Start custom CSS for container, class: .elementor-element-466838e *\/.elementor-1276 .elementor-element.elementor-element-466838e{\n    overflow: hidden;\n}\/* End custom CSS *\/\n\/* Start custom CSS for container, class: .elementor-element-eacbcab *\/.elementor-1276 .elementor-element.elementor-element-eacbcab img{\n    transition: all ease-in-out 0.3s;\n}\n\n.elementor-1276 .elementor-element.elementor-element-eacbcab:hover img{\n    scale: 1.1;\n}\n\n.elementor-1276 .elementor-element.elementor-element-eacbcab{\n    transition: all ease-in-out 0.3s;\n}\n\n\n.elementor-1276 .elementor-element.elementor-element-eacbcab:hover{\n    scale: 1.05;\n}\n\n.elementor-1276 .elementor-element.elementor-element-eacbcab:hover .fill{\n    background: #C49557;\n}\n\n\n.elementor-1276 .elementor-element.elementor-element-eacbcab:hover .fill h3{\n    color: white;\n}\/* End custom CSS *\/<\/style>\t\t<div data-elementor-type=\"section\" data-elementor-id=\"1276\" class=\"elementor elementor-1276 dce-elementor-rendering-id-1\" data-elementor-post-type=\"elementor_library\">\n\t\t\t<a class=\"elementor-element elementor-element-eacbcab e-con-full e-flex e-con e-child\" data-id=\"eacbcab\" data-element_type=\"container\" data-e-type=\"container\" href=\"https:\/\/rtlpatat.be\/es\/nieuwsberichten\/nieuwe-strip-rik-patat\/\">\n\t\t<div class=\"elementor-element elementor-element-466838e e-con-full e-flex e-con e-child\" data-id=\"466838e\" data-element_type=\"container\" data-e-type=\"container\">\n\t\t\t\t<div class=\"elementor-element elementor-element-515573f dce_masking-none elementor-widget elementor-widget-image\" data-id=\"515573f\" data-element_type=\"widget\" data-e-type=\"widget\" data-widget_type=\"image.default\">\n\t\t\t\t<div class=\"elementor-widget-container\">\n\t\t\t\t\t\t\t\t\t\t\t\t\t\t\t<img fetchpriority=\"high\" decoding=\"async\" width=\"800\" height=\"706\" src=\"https:\/\/rtlpatat.be\/wp-content\/uploads\/2024\/11\/Group-210-1024x904.png\" class=\"attachment-large size-large wp-image-1293\" alt=\"\" srcset=\"https:\/\/rtlpatat.be\/wp-content\/uploads\/2024\/11\/Group-210-1024x904.png 1024w, https:\/\/rtlpatat.be\/wp-content\/uploads\/2024\/11\/Group-210-300x265.png 300w, https:\/\/rtlpatat.be\/wp-content\/uploads\/2024\/11\/Group-210-768x678.png 768w, https:\/\/rtlpatat.be\/wp-content\/uploads\/2024\/11\/Group-210-14x12.png 14w, https:\/\/rtlpatat.be\/wp-content\/uploads\/2024\/11\/Group-210.png 1162w\" sizes=\"(max-width: 800px) 100vw, 800px\" \/>\t\t\t\t\t\t\t\t\t\t\t\t\t\t\t<\/div>\n\t\t\t\t<\/div>\n\t\t\t\t<\/div>\n\t\t<div class=\"elementor-element elementor-element-25a2ca6 e-con-full fill e-flex e-con e-child\" data-id=\"25a2ca6\" data-element_type=\"container\" data-e-type=\"container\" data-settings=\"{&quot;background_background&quot;:&quot;classic&quot;}\">\n\t\t\t\t<div class=\"elementor-element elementor-element-21f83ca elementor-widget elementor-widget-heading\" data-id=\"21f83ca\" data-element_type=\"widget\" data-e-type=\"widget\" data-widget_type=\"heading.default\">\n\t\t\t\t<div class=\"elementor-widget-container\">\n\t\t\t\t\t<h3 class=\"elementor-heading-title elementor-size-default\">En nuestro stand podr\u00e1s conocer nuestra \u00faltima primicia:<br> 'Muy pronto la IA tambi\u00e9n formar\u00e1 parte de nuestro proceso de producci\u00f3n'<\/h3>\t\t\t\t<\/div>\n\t\t\t\t<\/div>\n\t\t\t\t<\/div>\n\t\t\t\t<\/a>\n\t\t\t\t<\/div>\n\t\t\t\t\t<\/div>\n\t\t<\/article>\n\t\t\n\t\t<article class=\"post-1273 nieuwsberichten type-nieuwsberichten status-publish has-post-thumbnail hentry dce-post dce-post-item dce-item-grid\" data-dce-post-id=\"1273\" data-dce-post-index=\"1\">\n\t\t\t<div class=\"dce-post-block\">\n\t\t<style>.elementor-1276 .elementor-element.elementor-element-eacbcab{--display:flex;--gap:0px 0px;--row-gap:0px;--column-gap:0px;--margin-top:0px;--margin-bottom:0px;--margin-left:0px;--margin-right:0px;--padding-top:0px;--padding-bottom:0px;--padding-left:0px;--padding-right:0px;}.elementor-1276 .elementor-element.elementor-element-466838e{--display:flex;--gap:0px 0px;--row-gap:0px;--column-gap:0px;--margin-top:0px;--margin-bottom:0px;--margin-left:0px;--margin-right:0px;--padding-top:0px;--padding-bottom:0px;--padding-left:0px;--padding-right:0px;}.elementor-widget-image .widget-image-caption{color:var( --e-global-color-text );font-family:var( --e-global-typography-text-font-family ), Sans-serif;font-weight:var( --e-global-typography-text-font-weight );}.elementor-1276 .elementor-element.elementor-element-515573f img{width:100%;max-width:100%;height:350px;object-fit:cover;object-position:center center;}.elementor-1276 .elementor-element.elementor-element-25a2ca6{--display:flex;--gap:0px 0px;--row-gap:0px;--column-gap:0px;--margin-top:0px;--margin-bottom:0px;--margin-left:0px;--margin-right:0px;--padding-top:15px;--padding-bottom:15px;--padding-left:15px;--padding-right:15px;}.elementor-1276 .elementor-element.elementor-element-25a2ca6:not(.elementor-motion-effects-element-type-background), .elementor-1276 .elementor-element.elementor-element-25a2ca6 > .elementor-motion-effects-container > .elementor-motion-effects-layer{background-color:var( --e-global-color-ac965bb );}.elementor-widget-heading .elementor-heading-title{font-family:var( --e-global-typography-primary-font-family ), Sans-serif;font-weight:var( --e-global-typography-primary-font-weight );color:var( --e-global-color-primary );}@media(max-width:1024px){.elementor-1276 .elementor-element.elementor-element-515573f img{height:250px;}}\/* Start custom CSS for container, class: .elementor-element-466838e *\/.elementor-1276 .elementor-element.elementor-element-466838e{\n    overflow: hidden;\n}\/* End custom CSS *\/\n\/* Start custom CSS for container, class: .elementor-element-eacbcab *\/.elementor-1276 .elementor-element.elementor-element-eacbcab img{\n    transition: all ease-in-out 0.3s;\n}\n\n.elementor-1276 .elementor-element.elementor-element-eacbcab:hover img{\n    scale: 1.1;\n}\n\n.elementor-1276 .elementor-element.elementor-element-eacbcab{\n    transition: all ease-in-out 0.3s;\n}\n\n\n.elementor-1276 .elementor-element.elementor-element-eacbcab:hover{\n    scale: 1.05;\n}\n\n.elementor-1276 .elementor-element.elementor-element-eacbcab:hover .fill{\n    background: #C49557;\n}\n\n\n.elementor-1276 .elementor-element.elementor-element-eacbcab:hover .fill h3{\n    color: white;\n}\/* End custom CSS *\/<\/style>\t\t<div data-elementor-type=\"section\" data-elementor-id=\"1276\" class=\"elementor elementor-1276 dce-elementor-rendering-id-2\" data-elementor-post-type=\"elementor_library\">\n\t\t\t<a class=\"elementor-element elementor-element-eacbcab e-con-full e-flex e-con e-child\" data-id=\"eacbcab\" data-element_type=\"container\" data-e-type=\"container\" href=\"https:\/\/rtlpatat.be\/es\/nieuwsberichten\/interpom-2024\/\">\n\t\t<div class=\"elementor-element elementor-element-466838e e-con-full e-flex e-con e-child\" data-id=\"466838e\" data-element_type=\"container\" data-e-type=\"container\">\n\t\t\t\t<div class=\"elementor-element elementor-element-515573f dce_masking-none elementor-widget elementor-widget-image\" data-id=\"515573f\" data-element_type=\"widget\" data-e-type=\"widget\" data-widget_type=\"image.default\">\n\t\t\t\t<div class=\"elementor-widget-container\">\n\t\t\t\t\t\t\t\t\t\t\t\t\t\t\t<img decoding=\"async\" width=\"800\" height=\"495\" src=\"https:\/\/rtlpatat.be\/wp-content\/uploads\/2024\/11\/Group-209-1024x633.png\" class=\"attachment-large size-large wp-image-1292\" alt=\"\" srcset=\"https:\/\/rtlpatat.be\/wp-content\/uploads\/2024\/11\/Group-209-1024x633.png 1024w, https:\/\/rtlpatat.be\/wp-content\/uploads\/2024\/11\/Group-209-300x185.png 300w, https:\/\/rtlpatat.be\/wp-content\/uploads\/2024\/11\/Group-209-768x475.png 768w, https:\/\/rtlpatat.be\/wp-content\/uploads\/2024\/11\/Group-209-1536x949.png 1536w, https:\/\/rtlpatat.be\/wp-content\/uploads\/2024\/11\/Group-209-18x12.png 18w, https:\/\/rtlpatat.be\/wp-content\/uploads\/2024\/11\/Group-209.png 1660w\" sizes=\"(max-width: 800px) 100vw, 800px\" \/>\t\t\t\t\t\t\t\t\t\t\t\t\t\t\t<\/div>\n\t\t\t\t<\/div>\n\t\t\t\t<\/div>\n\t\t<div class=\"elementor-element elementor-element-25a2ca6 e-con-full fill e-flex e-con e-child\" data-id=\"25a2ca6\" data-element_type=\"container\" data-e-type=\"container\" data-settings=\"{&quot;background_background&quot;:&quot;classic&quot;}\">\n\t\t\t\t<div class=\"elementor-element elementor-element-21f83ca elementor-widget elementor-widget-heading\" data-id=\"21f83ca\" data-element_type=\"widget\" data-e-type=\"widget\" data-widget_type=\"heading.default\">\n\t\t\t\t<div class=\"elementor-widget-container\">\n\t\t\t\t\t<h3 class=\"elementor-heading-title elementor-size-default\">Interpom 2024<\/h3>\t\t\t\t<\/div>\n\t\t\t\t<\/div>\n\t\t\t\t<\/div>\n\t\t\t\t<\/a>\n\t\t\t\t<\/div>\n\t\t\t\t\t<\/div>\n\t\t<\/article>\n\t\t\t\t\t<\/div>\n\t\t\t\t\t<\/div>\n\t\t\t\t\t\t<\/div>\n\t\t\t\t<\/div>\n\t\t\t\t<\/div>\n\t\t\t\t\t<\/div>\n\t\t\t\t<\/div>\n\t\t<div data-dce-background-image-url=\"https:\/\/rtlpatat.be\/wp-content\/uploads\/2024\/11\/banner-2-2048x654.png\" class=\"elementor-element elementor-element-0929892 e-flex e-con-boxed e-con e-parent\" data-id=\"0929892\" data-element_type=\"container\" data-e-type=\"container\" data-settings=\"{&quot;background_background&quot;:&quot;classic&quot;}\">\n\t\t\t\t\t<div class=\"e-con-inner\">\n\t\t\t\t<div class=\"elementor-element elementor-element-3527532 elementor-widget elementor-widget-heading\" data-id=\"3527532\" data-element_type=\"widget\" data-e-type=\"widget\" data-widget_type=\"heading.default\">\n\t\t\t\t<div class=\"elementor-widget-container\">\n\t\t\t\t\t<span class=\"elementor-heading-title elementor-size-default\">\nSamen zorgen we voor de <br>beste aardappelen en uien,<br> al generaties lang<\/span>\t\t\t\t<\/div>\n\t\t\t\t<\/div>\n\t\t\t\t<div class=\"elementor-element elementor-element-7e23ee8 elementor-widget elementor-widget-heading\" data-id=\"7e23ee8\" data-element_type=\"widget\" data-e-type=\"widget\" data-widget_type=\"heading.default\">\n\t\t\t\t<div class=\"elementor-widget-container\">\n\t\t\t\t\t<p class=\"elementor-heading-title elementor-size-default\">- Fons<\/p>\t\t\t\t<\/div>\n\t\t\t\t<\/div>\n\t\t\t\t\t<\/div>\n\t\t\t\t<\/div>\n\t\t\t\t<\/div>","protected":false},"excerpt":{"rendered":"<p>Nieuws Samen zorgen we voor de beste aardappelen en uien, al generaties lang &#8211; Fons<\/p>","protected":false},"author":3,"featured_media":412,"parent":0,"menu_order":4,"comment_status":"closed","ping_status":"closed","template":"elementor_header_footer","meta":{"_acf_changed":false,"footnotes":""},"class_list":["post-719","page","type-page","status-publish","has-post-thumbnail","hentry"],"acf":[],"_links":{"self":[{"href":"https:\/\/rtlpatat.be\/es\/wp-json\/wp\/v2\/pages\/719","targetHints":{"allow":["GET"]}}],"collection":[{"href":"https:\/\/rtlpatat.be\/es\/wp-json\/wp\/v2\/pages"}],"about":[{"href":"https:\/\/rtlpatat.be\/es\/wp-json\/wp\/v2\/types\/page"}],"author":[{"embeddable":true,"href":"https:\/\/rtlpatat.be\/es\/wp-json\/wp\/v2\/users\/3"}],"replies":[{"embeddable":true,"href":"https:\/\/rtlpatat.be\/es\/wp-json\/wp\/v2\/comments?post=719"}],"version-history":[{"count":0,"href":"https:\/\/rtlpatat.be\/es\/wp-json\/wp\/v2\/pages\/719\/revisions"}],"wp:featuredmedia":[{"embeddable":true,"href":"https:\/\/rtlpatat.be\/es\/wp-json\/wp\/v2\/media\/412"}],"wp:attachment":[{"href":"https:\/\/rtlpatat.be\/es\/wp-json\/wp\/v2\/media?parent=719"}],"curies":[{"name":"wp","href":"https:\/\/api.w.org\/{rel}","templated":true}]}}